{"id":1008,"date":"2024-07-02T12:21:33","date_gmt":"2024-07-02T12:21:33","guid":{"rendered":"https:\/\/redept.org\/blogosfera\/?page_id=1008"},"modified":"2024-07-02T12:38:50","modified_gmt":"2024-07-02T12:38:50","slug":"na-blogosfera","status":"publish","type":"page","link":"https:\/\/redept.com.br\/blogosfera\/na-blogosfera\/","title":{"rendered":"Na Blogosfera"},"content":{"rendered":"\t\t<div data-elementor-type=\"wp-page\" data-elementor-id=\"1008\" class=\"elementor elementor-1008\" data-elementor-post-type=\"page\">\n\t\t\t\t<div class=\"elementor-element elementor-element-26c7865 e-flex e-con-boxed e-con e-parent\" data-id=\"26c7865\" data-element_type=\"container\" data-e-type=\"container\">\n\t\t\t\t\t<div class=\"e-con-inner\">\n\t\t<div class=\"elementor-element elementor-element-abc1d08 e-flex e-con-boxed e-con e-child\" data-id=\"abc1d08\" data-element_type=\"container\" data-e-type=\"container\" data-settings=\"{&quot;background_background&quot;:&quot;classic&quot;}\">\n\t\t\t\t\t<div class=\"e-con-inner\">\n\t\t\t\t<div class=\"elementor-element elementor-element-73cfd7b elementor-widget elementor-widget-heading\" data-id=\"73cfd7b\" data-element_type=\"widget\" data-e-type=\"widget\" data-widget_type=\"heading.default\">\n\t\t\t\t\t<h2 class=\"elementor-heading-title elementor-size-default\">Not\u00edcias <\/h2>\t\t\t\t<\/div>\n\t\t\t\t<div class=\"elementor-element elementor-element-92f55fe elementor-icon-list--layout-traditional elementor-list-item-link-full_width elementor-widget elementor-widget-icon-list\" data-id=\"92f55fe\" data-element_type=\"widget\" data-e-type=\"widget\" data-widget_type=\"icon-list.default\">\n\t\t\t\t\t\t\t<ul class=\"elementor-icon-list-items\">\n\t\t\t\t\t\t\t<li class=\"elementor-icon-list-item\">\n\t\t\t\t\t\t\t\t\t\t<span class=\"elementor-icon-list-text\">Na Globosfera<\/span>\n\t\t\t\t\t\t\t\t\t<\/li>\n\t\t\t\t\t\t<\/ul>\n\t\t\t\t\t\t<\/div>\n\t\t\t\t\t<\/div>\n\t\t\t\t<\/div>\n\t\t<div class=\"elementor-element elementor-element-6eb152a e-flex e-con-boxed e-con e-child\" data-id=\"6eb152a\" data-element_type=\"container\" data-e-type=\"container\" data-settings=\"{&quot;background_background&quot;:&quot;classic&quot;}\">\n\t\t\t\t\t<div class=\"e-con-inner\">\n\t\t<div class=\"elementor-element elementor-element-9a8040c e-flex e-con-boxed e-con e-child\" data-id=\"9a8040c\" data-element_type=\"container\" data-e-type=\"container\">\n\t\t\t\t\t<div class=\"e-con-inner\">\n\t\t\t\t<div class=\"elementor-element elementor-element-205285a elementor-grid-3 elementor-grid-tablet-2 elementor-grid-mobile-1 elementor-posts--thumbnail-top elementor-widget elementor-widget-posts\" data-id=\"205285a\" data-element_type=\"widget\" data-e-type=\"widget\" data-settings=\"{&quot;classic_row_gap&quot;:{&quot;unit&quot;:&quot;px&quot;,&quot;size&quot;:26,&quot;sizes&quot;:[]},&quot;pagination_type&quot;:&quot;numbers&quot;,&quot;classic_columns&quot;:&quot;3&quot;,&quot;classic_columns_tablet&quot;:&quot;2&quot;,&quot;classic_columns_mobile&quot;:&quot;1&quot;,&quot;classic_row_gap_tablet&quot;:{&quot;unit&quot;:&quot;px&quot;,&quot;size&quot;:&quot;&quot;,&quot;sizes&quot;:[]},&quot;classic_row_gap_mobile&quot;:{&quot;unit&quot;:&quot;px&quot;,&quot;size&quot;:&quot;&quot;,&quot;sizes&quot;:[]}}\" data-widget_type=\"posts.classic\">\n\t\t\t\t<div class=\"elementor-widget-container\">\n\t\t\t\t\t\t\t<div class=\"elementor-posts-container elementor-posts elementor-posts--skin-classic elementor-grid\">\n\t\t\t\t<article class=\"elementor-post elementor-grid-item post-83453 post type-post status-publish format-standard hentry category-bets-apostas-esportivas category-democracia category-endividamento-familias category-fake-news category-fake-news-video category-fernando-haddad category-flavio-bolsonaro category-fome-2021 category-governo-lula category-jair-bolsonaro category-justica-social category-noticias category-politica category-politica-brasil category-politica-nacional category-regulamentacao-bets\">\n\t\t\t\t<div class=\"elementor-post__text\">\n\t\t\t\t<h3 class=\"elementor-post__title\">\n\t\t\t<a href=\"https:\/\/redept.com.br\/blogosfera\/haddad-nao-aguentou-fake-news-de-flavio-bolsonaro-e-foi-as-redes-nenhum-compromisso-com-a-verdade-video\/\" >\n\t\t\t\tHaddad n\u00e3o aguentou fake news de Fl\u00e1vio Bolsonaro e foi \u00e0s redes: \u201cNenhum compromisso com a verdade\u201d (v\u00eddeo)\t\t\t<\/a>\n\t\t<\/h3>\n\t\t\t\t<div class=\"elementor-post__meta-data\">\n\t\t\t\t\t<span class=\"elementor-post-date\">\n\t\t\t16\/04\/2026\t\t<\/span>\n\t\t\t\t<\/div>\n\t\t\t\t<\/div>\n\t\t\t\t<\/article>\n\t\t\t\t<article class=\"elementor-post elementor-grid-item post-83451 post type-post status-publish format-standard hentry category-brasil category-brasil-china category-china category-conselho-empresarial-brasil-china category-economia category-estreito-de-ormuz category-exportacao-de-petroleo category-exportacoes category-petroleo\">\n\t\t\t\t<div class=\"elementor-post__text\">\n\t\t\t\t<h3 class=\"elementor-post__title\">\n\t\t\t<a href=\"https:\/\/redept.com.br\/blogosfera\/exportacoes-brasileiras-para-a-china-atingem-recorde-com-impulso-do-petroleo\/\" >\n\t\t\t\tExporta\u00e7\u00f5es brasileiras para a China atingem recorde com impulso do petr\u00f3leo\t\t\t<\/a>\n\t\t<\/h3>\n\t\t\t\t<div class=\"elementor-post__meta-data\">\n\t\t\t\t\t<span class=\"elementor-post-date\">\n\t\t\t16\/04\/2026\t\t<\/span>\n\t\t\t\t<\/div>\n\t\t\t\t<\/div>\n\t\t\t\t<\/article>\n\t\t\t\t<article class=\"elementor-post elementor-grid-item post-83450 post type-post status-publish format-standard hentry category-17-de-abril category-comissao-da-verdade category-comissao-pastoral-da-terra category-conflito-agrario category-cpt category-curva-do-s category-dia-internacional-da-luta-camponesa category-direitos-humanos category-execucao category-fazendeiros category-impunidade category-investigacao category-justica category-latifundio category-massacre-de-eldorado-do-carajas category-memoria category-movimento-dos-trabalhadores-rurais-sem-terra category-mst category-para category-poder-economico category-policia-militar category-reforma-agraria category-reparacao category-repressao category-responsabilizacao category-sistema-de-justica category-sobreviventes category-vale category-vale-do-rio-doce category-violencia-no-campo\">\n\t\t\t\t<div class=\"elementor-post__text\">\n\t\t\t\t<h3 class=\"elementor-post__title\">\n\t\t\t<a href=\"https:\/\/redept.com.br\/blogosfera\/trinta-anos-depois-massacre-de-eldorado-do-carajas-ainda-deixa-perguntas-sem-resposta-o-caso-precisa-de-uma-comissao-da-verdade\/\" >\n\t\t\t\tTrinta anos depois, massacre de Eldorado do Caraj\u00e1s ainda deixa perguntas sem resposta: \u2018O caso precisa de uma comiss\u00e3o da verdade\u2019\t\t\t<\/a>\n\t\t<\/h3>\n\t\t\t\t<div class=\"elementor-post__meta-data\">\n\t\t\t\t\t<span class=\"elementor-post-date\">\n\t\t\t16\/04\/2026\t\t<\/span>\n\t\t\t\t<\/div>\n\t\t\t\t<\/div>\n\t\t\t\t<\/article>\n\t\t\t\t<article class=\"elementor-post elementor-grid-item post-83449 post type-post status-publish format-standard hentry category-acordo-temporario category-analise-geopolitica category-ataques category-cessar-fogo category-conexao-bdf category-conflito category-diplomacia category-donald-trump category-estados-unidos category-expansao-territorial category-gilberto-maringoni category-guerra category-internacional category-ira category-israel category-libano category-nacionalismo-etnico category-negociacoes category-oriente-medio category-politica-externa category-radio-brasil-de-fato category-relacoes-internacionais category-sanha-belicista category-sionismo category-teera category-tensao-regional category-terrorismo category-tregua category-violencia category-washington\">\n\t\t\t\t<div class=\"elementor-post__text\">\n\t\t\t\t<h3 class=\"elementor-post__title\">\n\t\t\t<a href=\"https:\/\/redept.com.br\/blogosfera\/israel-tem-sanha-conquistadora-e-e-improvavel-que-pare-de-atacar-o-libano-diz-internacionalista\/\" >\n\t\t\t\tIsrael tem sanha conquistadora e \u00e9 improv\u00e1vel que pare de atacar o L\u00edbano, diz internacionalista\t\t\t<\/a>\n\t\t<\/h3>\n\t\t\t\t<div class=\"elementor-post__meta-data\">\n\t\t\t\t\t<span class=\"elementor-post-date\">\n\t\t\t16\/04\/2026\t\t<\/span>\n\t\t\t\t<\/div>\n\t\t\t\t<\/div>\n\t\t\t\t<\/article>\n\t\t\t\t<article class=\"elementor-post elementor-grid-item post-83448 post type-post status-publish format-standard hentry category-lutas\">\n\t\t\t\t<div class=\"elementor-post__text\">\n\t\t\t\t<h3 class=\"elementor-post__title\">\n\t\t\t<a href=\"https:\/\/redept.com.br\/blogosfera\/mst-cobra-homologacao-do-decreto-de-desapropriacao-de-fazenda-que-foi-palco-de-massacre-em-mg\/\" >\n\t\t\t\tMST cobra homologa\u00e7\u00e3o do decreto de desapropria\u00e7\u00e3o de fazenda que foi palco de massacre em MG\t\t\t<\/a>\n\t\t<\/h3>\n\t\t\t\t<div class=\"elementor-post__meta-data\">\n\t\t\t\t\t<span class=\"elementor-post-date\">\n\t\t\t16\/04\/2026\t\t<\/span>\n\t\t\t\t<\/div>\n\t\t\t\t<\/div>\n\t\t\t\t<\/article>\n\t\t\t\t<article class=\"elementor-post elementor-grid-item post-83436 post type-post status-publish format-standard hentry category-acao-coletiva category-americas category-automacao category-bancarios category-brasil category-csa-tuca category-digitalizacao category-direitos-trabalhistas category-discriminacao-algoritmica category-formacao-sindical category-futuro-do-trabalho category-gestao-algoritmica category-governanca-da-tecnologia category-iea-usp category-inteligencia-artificial category-monitoramento-algoritmico category-movimento-sindical category-negociacao-coletiva category-opiniao category-pesquisa category-plataformizacao category-produtividade category-protecao-de-dados category-reducao-da-jornada category-regulamentacao category-requalificacao-profissional category-sindicatos category-trabalho category-transicao-justa category-transparencia category-vigilancia-digital\">\n\t\t\t\t<div class=\"elementor-post__text\">\n\t\t\t\t<h3 class=\"elementor-post__title\">\n\t\t\t<a href=\"https:\/\/redept.com.br\/blogosfera\/inteligencia-artificial-e-trabalho-sindicatos-respondem-aos-impactos-da-digitalizacao\/\" >\n\t\t\t\tIntelig\u00eancia Artificial e trabalho: sindicatos respondem aos impactos da digitaliza\u00e7\u00e3o\t\t\t<\/a>\n\t\t<\/h3>\n\t\t\t\t<div class=\"elementor-post__meta-data\">\n\t\t\t\t\t<span class=\"elementor-post-date\">\n\t\t\t16\/04\/2026\t\t<\/span>\n\t\t\t\t<\/div>\n\t\t\t\t<\/div>\n\t\t\t\t<\/article>\n\t\t\t\t<article class=\"elementor-post elementor-grid-item post-83446 post type-post status-publish format-standard hentry category-bloqueio-naval category-cessar-fogo-libano category-conflito-no-oriente-medio category-donald-trump category-estreito-de-ormuz category-eua-e-israel category-geopolitica category-golfo-persico category-guerra-hibrida category-guerra-no-ira category-internacional category-lawfare-naval category-marinha-do-ira category-marinha-dos-eua category-operacao-genesis category-pirataria-de-estado category-portal-vermelho category-preco-do-petroleo\">\n\t\t\t\t<div class=\"elementor-post__text\">\n\t\t\t\t<h3 class=\"elementor-post__title\">\n\t\t\t<a href=\"https:\/\/redept.com.br\/blogosfera\/eua-praticam-pirataria-para-asfixiar-o-ira-no-estreito-de-ormuz\/\" >\n\t\t\t\tEUA praticam pirataria para asfixiar o Ir\u00e3 no Estreito de Ormuz\t\t\t<\/a>\n\t\t<\/h3>\n\t\t\t\t<div class=\"elementor-post__meta-data\">\n\t\t\t\t\t<span class=\"elementor-post-date\">\n\t\t\t16\/04\/2026\t\t<\/span>\n\t\t\t\t<\/div>\n\t\t\t\t<\/div>\n\t\t\t\t<\/article>\n\t\t\t\t<article class=\"elementor-post elementor-grid-item post-83435 post type-post status-publish format-standard hentry category-abril-2026 category-agenda-cultural-porto-alegre category-atividades-gratuitas-porto-alegre category-cafe-fon-fon category-caminhos-educativos-2026 category-ciclo-de-leitura category-coral-mbya-guarani category-cultura category-cultura-viva category-duo-musical category-economia-solidaria category-elis-regina-homenagem category-espetaculo-gratuito category-espetaculo-jurema-finamour category-fino-da-cancao-brasileira category-fundacao-ecarta category-guaiba category-guata-pora category-interior-do-rs category-lenda-da-teiniagua category-literatura-latino-americana category-mitologia-gaucha category-musica-brasileira category-oigale-cooperativa category-orquestra-villa-lobos category-parque-da-redencao category-povos-originarios category-recital-liaame category-shows-gratuitos-porto-alegre category-teatro-de-rua category-teatro-do-oprimido category-ufcspa category-violencia-de-genero\">\n\t\t\t\t<div class=\"elementor-post__text\">\n\t\t\t\t<h3 class=\"elementor-post__title\">\n\t\t\t<a href=\"https:\/\/redept.com.br\/blogosfera\/atividades-gratuitas-e-shows-movimentam-o-sabado-e-a-proxima-semana-no-rio-grande-do-sul\/\" >\n\t\t\t\tAtividades gratuitas e shows movimentam o s\u00e1bado e a pr\u00f3xima semana no Rio Grande do Sul\t\t\t<\/a>\n\t\t<\/h3>\n\t\t\t\t<div class=\"elementor-post__meta-data\">\n\t\t\t\t\t<span class=\"elementor-post-date\">\n\t\t\t16\/04\/2026\t\t<\/span>\n\t\t\t\t<\/div>\n\t\t\t\t<\/div>\n\t\t\t\t<\/article>\n\t\t\t\t<article class=\"elementor-post elementor-grid-item post-83434 post type-post status-publish format-standard hentry category-acesso-a-moradia category-airbnb category-aluguel-de-curta-temporada category-aluguel-temporada category-camara-de-vereadores category-centro-expandido category-cpi-da-habitacao category-desvio-de-finalidade category-direito-a-moradia category-especulacao-imobiliaria category-fernando-haddad category-fiscalizacao category-fraude-imobiliaria category-funcao-social-da-propriedade category-habitacao-social category-incorporadoras category-investimento-imobiliario category-irregularidades category-joao-doria category-locacao-turistica category-mercado-imobiliario category-moradias-de-interesse-social category-nabil-bonduki category-outorga-onerosa category-plano-diretor category-plataformas-de-aluguel category-politicas-publicas category-radio-brasil-de-fato category-renda-baixa category-sao-paulo category-urbanismo\">\n\t\t\t\t<div class=\"elementor-post__text\">\n\t\t\t\t<h3 class=\"elementor-post__title\">\n\t\t\t<a href=\"https:\/\/redept.com.br\/blogosfera\/como-moradias-de-interesse-social-viraram-negocio-rentavel-para-o-mercado-imobiliario\/\" >\n\t\t\t\tComo moradias de interesse social viraram neg\u00f3cio rent\u00e1vel para o mercado imobili\u00e1rio\t\t\t<\/a>\n\t\t<\/h3>\n\t\t\t\t<div class=\"elementor-post__meta-data\">\n\t\t\t\t\t<span class=\"elementor-post-date\">\n\t\t\t16\/04\/2026\t\t<\/span>\n\t\t\t\t<\/div>\n\t\t\t\t<\/div>\n\t\t\t\t<\/article>\n\t\t\t\t<article class=\"elementor-post elementor-grid-item post-83424 post type-post status-publish format-standard has-post-thumbnail hentry category-jornada-de-abril-2026 category-jornada-nacional-em-defesa-da-reforma-agraria category-lutas-e-mobilizacoes category-negociacoes category-noticias category-parana\">\n\t\t\t\t<a class=\"elementor-post__thumbnail__link\" href=\"https:\/\/redept.com.br\/blogosfera\/mobilizacao-do-mst-reune-centenas-de-camponeses-as-em-curitiba-durante-jornada-de-lutas\/\" tabindex=\"-1\" >\n\t\t\t<div class=\"elementor-post__thumbnail\"><img fetchpriority=\"high\" decoding=\"async\" width=\"1920\" height=\"1080\" src=\"https:\/\/redept.com.br\/blogosfera\/wp-content\/uploads\/2026\/04\/image-PR.jpeg\" class=\"attachment-full size-full wp-image-83425\" alt=\"\" srcset=\"https:\/\/redept.com.br\/blogosfera\/wp-content\/uploads\/2026\/04\/image-PR.jpeg 1920w, https:\/\/redept.com.br\/blogosfera\/wp-content\/uploads\/2026\/04\/image-PR-300x169.jpeg 300w, https:\/\/redept.com.br\/blogosfera\/wp-content\/uploads\/2026\/04\/image-PR-1024x576.jpeg 1024w, https:\/\/redept.com.br\/blogosfera\/wp-content\/uploads\/2026\/04\/image-PR-768x432.jpeg 768w, https:\/\/redept.com.br\/blogosfera\/wp-content\/uploads\/2026\/04\/image-PR-1536x864.jpeg 1536w\" sizes=\"(max-width: 1920px) 100vw, 1920px\" \/><\/div>\n\t\t<\/a>\n\t\t\t\t<div class=\"elementor-post__text\">\n\t\t\t\t<h3 class=\"elementor-post__title\">\n\t\t\t<a href=\"https:\/\/redept.com.br\/blogosfera\/mobilizacao-do-mst-reune-centenas-de-camponeses-as-em-curitiba-durante-jornada-de-lutas\/\" >\n\t\t\t\tMobiliza\u00e7\u00e3o do MST re\u00fane centenas de camponeses\/as em Curitiba durante Jornada de Lutas\t\t\t<\/a>\n\t\t<\/h3>\n\t\t\t\t<div class=\"elementor-post__meta-data\">\n\t\t\t\t\t<span class=\"elementor-post-date\">\n\t\t\t16\/04\/2026\t\t<\/span>\n\t\t\t\t<\/div>\n\t\t\t\t<\/div>\n\t\t\t\t<\/article>\n\t\t\t\t<article class=\"elementor-post elementor-grid-item post-83433 post type-post status-publish format-standard hentry category-4o-distrito category-camara-de-vereadores-de-porto-alegre category-catadores-de-materiais-reciclaveis category-ciclovias category-cidades category-cmdua category-conselho-municipal category-contrapartidas-imobiliarias category-controle-social category-corredores-de-biodiversidade category-desenvolvimento-urbano category-drenagem-pluvial category-emendas-rejeitadas category-especulacao-imobiliaria category-estatuto-da-cidade category-forum-de-entidades category-gestao-participativa category-habitacao-de-interesse-social category-idenir-cecchim category-infraestrutura-urbana category-legislacao-urbanistica category-meio-ambiente-em-porto-alegre category-mobilidade-urbana category-operacoes-urbanas-consorciadas category-orcamento-participativo category-patrimonio-cultural category-pedro-ruas category-plano-diretor-de-porto-alegre category-politica-municipal category-politica-urbana category-porto-alegre category-preservacao-ambiental category-regularizacao-fundiaria category-revisao-do-plano-diretor category-saneamento-basico category-sebastiao-melo category-sustentabilidade-ambiental category-termo-territorial-coletivo category-topos-naturais category-transporte-publico category-urbanizacao category-vereadores-governistas category-verticalizacao-do-centro category-zeis category-zonas-especiais-de-interesse-social\">\n\t\t\t\t<div class=\"elementor-post__text\">\n\t\t\t\t<h3 class=\"elementor-post__title\">\n\t\t\t<a href=\"https:\/\/redept.com.br\/blogosfera\/camara-de-vereadores-deve-finalizar-votacao-do-plano-diretor-de-porto-alegre-na-proxima-semana\/\" >\n\t\t\t\tC\u00e2mara de Vereadores deve finalizar vota\u00e7\u00e3o do Plano Diretor de Porto Alegre na pr\u00f3xima semana\t\t\t<\/a>\n\t\t<\/h3>\n\t\t\t\t<div class=\"elementor-post__meta-data\">\n\t\t\t\t\t<span class=\"elementor-post-date\">\n\t\t\t16\/04\/2026\t\t<\/span>\n\t\t\t\t<\/div>\n\t\t\t\t<\/div>\n\t\t\t\t<\/article>\n\t\t\t\t<article class=\"elementor-post elementor-grid-item post-83432 post type-post status-publish format-standard hentry category-educacao\">\n\t\t\t\t<div class=\"elementor-post__text\">\n\t\t\t\t<h3 class=\"elementor-post__title\">\n\t\t\t<a href=\"https:\/\/redept.com.br\/blogosfera\/pl-de-simoes-sobre-escolas-civico-militares-em-mg-retoma-modelo-ditatorial-diz-especialista\/\" >\n\t\t\t\tPL de Sim\u00f5es sobre escolas c\u00edvico-militares em MG retoma modelo ditatorial, diz especialista\t\t\t<\/a>\n\t\t<\/h3>\n\t\t\t\t<div class=\"elementor-post__meta-data\">\n\t\t\t\t\t<span class=\"elementor-post-date\">\n\t\t\t16\/04\/2026\t\t<\/span>\n\t\t\t\t<\/div>\n\t\t\t\t<\/div>\n\t\t\t\t<\/article>\n\t\t\t\t<\/div>\n\t\t\n\t\t\t\t<div class=\"e-load-more-anchor\" data-page=\"1\" data-max-page=\"3525\" data-next-page=\"https:\/\/redept.com.br\/blogosfera\/wp-json\/wp\/v2\/pages\/1008\/page\/2\/\"><\/div>\n\t\t\t\t<nav class=\"elementor-pagination\" aria-label=\"Pagination\">\n\t\t\t<span aria-current=\"page\" class=\"page-numbers current\"><span class=\"elementor-screen-only\">Page<\/span>1<\/span>\n<a class=\"page-numbers\" href=\"https:\/\/redept.com.br\/blogosfera\/wp-json\/wp\/v2\/pages\/1008\/page\/2\/\"><span class=\"elementor-screen-only\">Page<\/span>2<\/a>\n<a class=\"page-numbers\" href=\"https:\/\/redept.com.br\/blogosfera\/wp-json\/wp\/v2\/pages\/1008\/page\/3\/\"><span class=\"elementor-screen-only\">Page<\/span>3<\/a>\n<a class=\"page-numbers\" href=\"https:\/\/redept.com.br\/blogosfera\/wp-json\/wp\/v2\/pages\/1008\/page\/4\/\"><span class=\"elementor-screen-only\">Page<\/span>4<\/a>\n<a class=\"page-numbers\" href=\"https:\/\/redept.com.br\/blogosfera\/wp-json\/wp\/v2\/pages\/1008\/page\/5\/\"><span class=\"elementor-screen-only\">Page<\/span>5<\/a>\n<a class=\"page-numbers\" href=\"https:\/\/redept.com.br\/blogosfera\/wp-json\/wp\/v2\/pages\/1008\/page\/6\/\"><span class=\"elementor-screen-only\">Page<\/span>6<\/a>\n<a class=\"page-numbers\" href=\"https:\/\/redept.com.br\/blogosfera\/wp-json\/wp\/v2\/pages\/1008\/page\/7\/\"><span class=\"elementor-screen-only\">Page<\/span>7<\/a>\n<a class=\"page-numbers\" href=\"https:\/\/redept.com.br\/blogosfera\/wp-json\/wp\/v2\/pages\/1008\/page\/8\/\"><span class=\"elementor-screen-only\">Page<\/span>8<\/a>\n<a class=\"page-numbers\" href=\"https:\/\/redept.com.br\/blogosfera\/wp-json\/wp\/v2\/pages\/1008\/page\/9\/\"><span class=\"elementor-screen-only\">Page<\/span>9<\/a>\n<a class=\"page-numbers\" href=\"https:\/\/redept.com.br\/blogosfera\/wp-json\/wp\/v2\/pages\/1008\/page\/10\/\"><span class=\"elementor-screen-only\">Page<\/span>10<\/a>\n<a class=\"page-numbers\" href=\"https:\/\/redept.com.br\/blogosfera\/wp-json\/wp\/v2\/pages\/1008\/page\/11\/\"><span class=\"elementor-screen-only\">Page<\/span>11<\/a>\n<a class=\"page-numbers\" href=\"https:\/\/redept.com.br\/blogosfera\/wp-json\/wp\/v2\/pages\/1008\/page\/12\/\"><span class=\"elementor-screen-only\">Page<\/span>12<\/a>\t\t<\/nav>\n\t\t\t\t\t\t<\/div>\n\t\t\t\t<\/div>\n\t\t\t\t\t<\/div>\n\t\t\t\t<\/div>\n\t\t\t\t\t<\/div>\n\t\t\t\t<\/div>\n\t\t\t\t\t<\/div>\n\t\t\t\t<\/div>\n\t\t\t\t<\/div>\n\t\t<!-- Begin Yuzo --><div class='yuzo_related_post style-1'  data-version='5.12.89'><!-- without result --><div class='yuzo_clearfixed yuzo__title yuzo__title'><h3>Related Post<\/h3><\/div>\n\t\t\t\t\t\t  <div class=\"relatedthumb \" style=\"width:125px;float:left;overflow:hidden;\">  \n\t\t\t\t\t\t\t  \n\t\t\t\t\t\t\t  <a  href=\"https:\/\/redept.com.br\/blogosfera\/tornar-tortura-imprescritivel-repara-divida-que-democracia-brasileira-tem-com-vitimas-da-ditadura\/\"  >\n\t\t\t\t\t\t\t\t\t  <div class=\"yuzo-img-wrap \" style=\"width: 125px;height:90px;\">\n\t\t\t\t\t\t\t\t\t\t\n\t\t\t\t\t\t\t\t\t\t<div class=\"yuzo-img\" style=\"background:url('https:\/\/redept.org\/blogosfera\/wp-content\/plugins\/yuzo-related-post\/assets\/images\/default.png') 50% 50% no-repeat;width: 125px;height:90px;margin-bottom: 5px;background-size: cover; \"><\/div>\n\t\t\t\t\t\t\t\t\t  <\/div>\n\t\t\t\t\t\t\t\t\t  \n\t\t\t\t\t\t\t\t   <span class=\"yuzo__text--title\" style=\"font-size:13px;\">Tornar tortura imprescrit\u00edvel repara d\u00edvida que de...<\/span>\n\t\t\t\t\t\t\t  \n\t\t\t\t\t\t\t  \n\t\t\t\t\t\t\t  <\/a>\n\n\t\t\t\t\t\t  <\/div>\n\t\t\t\t\t\t  <div class=\"relatedthumb \" style=\"width:125px;float:left;overflow:hidden;\">  \n\t\t\t\t\t\t\t  \n\t\t\t\t\t\t\t  <a  href=\"https:\/\/redept.com.br\/blogosfera\/brasil-nao-entrar-na-rota-da-seda-e-carta-na-manga-na-relacao-comercial-com-a-china-diz-barbara-motta\/\"  >\n\t\t\t\t\t\t\t\t\t  <div class=\"yuzo-img-wrap \" style=\"width: 125px;height:90px;\">\n\t\t\t\t\t\t\t\t\t\t\n\t\t\t\t\t\t\t\t\t\t<div class=\"yuzo-img\" style=\"background:url('https:\/\/redept.org\/blogosfera\/wp-content\/plugins\/yuzo-related-post\/assets\/images\/default.png') 50% 50% no-repeat;width: 125px;height:90px;margin-bottom: 5px;background-size: cover; \"><\/div>\n\t\t\t\t\t\t\t\t\t  <\/div>\n\t\t\t\t\t\t\t\t\t  \n\t\t\t\t\t\t\t\t   <span class=\"yuzo__text--title\" style=\"font-size:13px;\">Brasil n\u00e3o entrar na Rota da Seda \u00e9 carta na manga...<\/span>\n\t\t\t\t\t\t\t  \n\t\t\t\t\t\t\t  \n\t\t\t\t\t\t\t  <\/a>\n\n\t\t\t\t\t\t  <\/div>\n\t\t\t\t\t\t  <div class=\"relatedthumb \" style=\"width:125px;float:left;overflow:hidden;\">  \n\t\t\t\t\t\t\t  \n\t\t\t\t\t\t\t  <a  href=\"https:\/\/redept.com.br\/blogosfera\/reforma-agraria-cooperativas-garantem-alimento-saudavel-e-valorizam-trabalho-com-finapop\/\"  >\n\t\t\t\t\t\t\t\t\t  <div class=\"yuzo-img-wrap \" style=\"width: 125px;height:90px;\">\n\t\t\t\t\t\t\t\t\t\t\n\t\t\t\t\t\t\t\t\t\t<div class=\"yuzo-img\" style=\"background:url('https:\/\/redept.com.br\/blogosfera\/wp-content\/uploads\/2025\/07\/image-5-150x150.jpg') 50% 50% no-repeat;width: 125px;height:90px;margin-bottom: 5px;background-size: cover; \"><\/div>\n\t\t\t\t\t\t\t\t\t  <\/div>\n\t\t\t\t\t\t\t\t\t  \n\t\t\t\t\t\t\t\t   <span class=\"yuzo__text--title\" style=\"font-size:13px;\">Reforma agr\u00e1ria: cooperativas garantem alimento sa...<\/span>\n\t\t\t\t\t\t\t  \n\t\t\t\t\t\t\t  \n\t\t\t\t\t\t\t  <\/a>\n\n\t\t\t\t\t\t  <\/div>\n\t\t\t\t\t\t  <div class=\"relatedthumb \" style=\"width:125px;float:left;overflow:hidden;\">  \n\t\t\t\t\t\t\t  \n\t\t\t\t\t\t\t  <a  href=\"https:\/\/redept.com.br\/blogosfera\/regiao-no-sul-da-italia-vai-contratar-medicos-cubanos-para-suprir-escassez\/\"  >\n\t\t\t\t\t\t\t\t\t  <div class=\"yuzo-img-wrap \" style=\"width: 125px;height:90px;\">\n\t\t\t\t\t\t\t\t\t\t\n\t\t\t\t\t\t\t\t\t\t<div class=\"yuzo-img\" style=\"background:url('https:\/\/redept.com.br\/blogosfera\/wp-content\/uploads\/2025\/08\/475372842_9107544206004504_188235313346043456_n-150x150.jpg') 50% 50% no-repeat;width: 125px;height:90px;margin-bottom: 5px;background-size: cover; \"><\/div>\n\t\t\t\t\t\t\t\t\t  <\/div>\n\t\t\t\t\t\t\t\t\t  \n\t\t\t\t\t\t\t\t   <span class=\"yuzo__text--title\" style=\"font-size:13px;\">Regi\u00e3o no sul da It\u00e1lia vai contratar m\u00e9dicos cuba...<\/span>\n\t\t\t\t\t\t\t  \n\t\t\t\t\t\t\t  \n\t\t\t\t\t\t\t  <\/a>\n\n\t\t\t\t\t\t  <\/div>\n<\/div> <script>\n\t\t\t\t\t\t  jQuery(document).ready(function( $ ){\n\t\t\t\t\t\t\t\/\/jQuery('.yuzo_related_post').equalizer({ overflow : 'relatedthumb' });\n\t\t\t\t\t\t\tjQuery('.yuzo_related_post .yuzo_wraps').equalizer({ columns : '> div' });\n\t\t\t\t\t\t   })\n\t\t\t\t\t\t  <\/script> <!-- End Yuzo :) -->","protected":false},"excerpt":{"rendered":"<p>Not\u00edcias Na Globosfera Related Post A armadilha de liquidez \u00e0s avessas: o pa\u00eds que esp&#8230; Mudan\u00e7as clim\u00e1ticas dificultam ainda mais previs\u00e3o&#8230; Empresa respons\u00e1vel pelo Rock in Rio entra na list&#8230;<\/p>\n","protected":false},"author":1,"featured_media":0,"parent":0,"menu_order":0,"comment_status":"closed","ping_status":"closed","template":"elementor_header_footer","meta":{"footnotes":""},"class_list":["post-1008","page","type-page","status-publish","hentry"],"_links":{"self":[{"href":"https:\/\/redept.com.br\/blogosfera\/wp-json\/wp\/v2\/pages\/1008","targetHints":{"allow":["GET"]}}],"collection":[{"href":"https:\/\/redept.com.br\/blogosfera\/wp-json\/wp\/v2\/pages"}],"about":[{"href":"https:\/\/redept.com.br\/blogosfera\/wp-json\/wp\/v2\/types\/page"}],"author":[{"embeddable":true,"href":"https:\/\/redept.com.br\/blogosfera\/wp-json\/wp\/v2\/users\/1"}],"replies":[{"embeddable":true,"href":"https:\/\/redept.com.br\/blogosfera\/wp-json\/wp\/v2\/comments?post=1008"}],"version-history":[{"count":25,"href":"https:\/\/redept.com.br\/blogosfera\/wp-json\/wp\/v2\/pages\/1008\/revisions"}],"predecessor-version":[{"id":1044,"href":"https:\/\/redept.com.br\/blogosfera\/wp-json\/wp\/v2\/pages\/1008\/revisions\/1044"}],"wp:attachment":[{"href":"https:\/\/redept.com.br\/blogosfera\/wp-json\/wp\/v2\/media?parent=1008"}],"curies":[{"name":"wp","href":"https:\/\/api.w.org\/{rel}","templated":true}]}}