{"id":1051,"date":"2024-08-22T19:00:32","date_gmt":"2024-08-22T19:00:32","guid":{"rendered":"https:\/\/redept.org\/blogosfera\/?page_id=1051"},"modified":"2026-02-12T12:09:09","modified_gmt":"2026-02-12T15:09:09","slug":"inicio-2","status":"publish","type":"page","link":"https:\/\/redept.com.br\/blogosfera\/","title":{"rendered":"In\u00edcio"},"content":{"rendered":"\t\t<div data-elementor-type=\"wp-page\" data-elementor-id=\"1051\" class=\"elementor elementor-1051\" data-elementor-post-type=\"page\">\n\t\t\t\t<div class=\"elementor-element elementor-element-4866569 e-flex e-con-boxed e-con e-parent\" data-id=\"4866569\" data-element_type=\"container\" data-e-type=\"container\">\n\t\t\t\t\t<div class=\"e-con-inner\">\n\t\t<div class=\"elementor-element elementor-element-8321e93 e-flex e-con-boxed e-con e-child\" data-id=\"8321e93\" data-element_type=\"container\" data-e-type=\"container\" data-settings=\"{&quot;background_background&quot;:&quot;classic&quot;}\">\n\t\t\t\t\t<div class=\"e-con-inner\">\n\t\t\t\t<div class=\"elementor-element elementor-element-d2bea22 elementor-icon-list--layout-traditional elementor-list-item-link-full_width elementor-widget elementor-widget-icon-list\" data-id=\"d2bea22\" data-element_type=\"widget\" data-e-type=\"widget\" data-widget_type=\"icon-list.default\">\n\t\t\t\t\t\t\t<ul class=\"elementor-icon-list-items\">\n\t\t\t\t\t\t\t<li class=\"elementor-icon-list-item\">\n\t\t\t\t\t\t\t\t\t\t<span class=\"elementor-icon-list-text\">Not\u00edcias<\/span>\n\t\t\t\t\t\t\t\t\t<\/li>\n\t\t\t\t\t\t<\/ul>\n\t\t\t\t\t\t<\/div>\n\t\t\t\t<div class=\"elementor-element elementor-element-617ab07 elementor-icon-list--layout-traditional elementor-list-item-link-full_width elementor-widget elementor-widget-icon-list\" data-id=\"617ab07\" data-element_type=\"widget\" data-e-type=\"widget\" data-widget_type=\"icon-list.default\">\n\t\t\t\t\t\t\t<ul class=\"elementor-icon-list-items\">\n\t\t\t\t\t\t\t<li class=\"elementor-icon-list-item\">\n\t\t\t\t\t\t\t\t\t\t<span class=\"elementor-icon-list-text\">na blogosfera<\/span>\n\t\t\t\t\t\t\t\t\t<\/li>\n\t\t\t\t\t\t<\/ul>\n\t\t\t\t\t\t<\/div>\n\t\t\t\t\t<\/div>\n\t\t\t\t<\/div>\n\t\t<div class=\"elementor-element elementor-element-32f0f3b e-flex e-con-boxed e-con e-child\" data-id=\"32f0f3b\" data-element_type=\"container\" data-e-type=\"container\" data-settings=\"{&quot;background_background&quot;:&quot;classic&quot;}\">\n\t\t\t\t\t<div class=\"e-con-inner\">\n\t\t<div class=\"elementor-element elementor-element-f053ca7 e-flex e-con-boxed e-con e-child\" data-id=\"f053ca7\" data-element_type=\"container\" data-e-type=\"container\">\n\t\t\t\t\t<div class=\"e-con-inner\">\n\t\t\t\t<div class=\"elementor-element elementor-element-d1576ef elementor-grid-3 elementor-grid-tablet-2 elementor-grid-mobile-1 elementor-posts--thumbnail-top elementor-widget elementor-widget-posts\" data-id=\"d1576ef\" data-element_type=\"widget\" data-e-type=\"widget\" id=\"posts-blog\" data-settings=\"{&quot;classic_row_gap&quot;:{&quot;unit&quot;:&quot;px&quot;,&quot;size&quot;:40,&quot;sizes&quot;:[]},&quot;pagination_type&quot;:&quot;numbers_and_prev_next&quot;,&quot;classic_columns&quot;:&quot;3&quot;,&quot;classic_columns_tablet&quot;:&quot;2&quot;,&quot;classic_columns_mobile&quot;:&quot;1&quot;,&quot;classic_row_gap_tablet&quot;:{&quot;unit&quot;:&quot;px&quot;,&quot;size&quot;:&quot;&quot;,&quot;sizes&quot;:[]},&quot;classic_row_gap_mobile&quot;:{&quot;unit&quot;:&quot;px&quot;,&quot;size&quot;:&quot;&quot;,&quot;sizes&quot;:[]}}\" data-widget_type=\"posts.classic\">\n\t\t\t\t<div class=\"elementor-widget-container\">\n\t\t\t\t\t\t\t<div class=\"elementor-posts-container elementor-posts elementor-posts--skin-classic elementor-grid\">\n\t\t\t\t<article class=\"elementor-post elementor-grid-item post-83497 post type-post status-publish format-standard hentry category-17-de-abril-de-1996 category-cejil category-centro-pela-justica-e-o-direito-internacional category-comissao-interamericana-de-direitos-humanos category-comissao-pastoral-da-terra category-conflitos-agrarios category-corte-interamericana-de-direitos-humanos category-cpt category-curva-do-s category-direitos-humanos category-impunidade category-indenizacoes category-justica-internacional category-latifundio category-massacre-de-eldorado-do-carajas category-movimento-dos-trabalhadores-rurais-sem-terra category-mst category-oea category-organizacao-dos-estados-americanos category-para category-policia-militar category-reforma-agraria category-reparacao-historica category-responsabilizacao-do-estado category-sobreviventes category-sudeste-do-para category-trabalho-escravo category-violacoes-de-direitos category-violencia-no-campo category-violencia-policial category-vitimas\">\n\t\t\t\t<div class=\"elementor-post__text\">\n\t\t\t\t<h5 class=\"elementor-post__title\">\n\t\t\t<a href=\"https:\/\/redept.com.br\/blogosfera\/caso-eldorado-do-carajas-espera-ha-30-anos-por-decisao-da-comissao-interamericana-de-direitos-humanos\/\" >\n\t\t\t\tCaso Eldorado do Caraj\u00e1s espera h\u00e1 30 anos por decis\u00e3o da Comiss\u00e3o Interamericana de Direitos Humanos\t\t\t<\/a>\n\t\t<\/h5>\n\t\t\t\t<div class=\"elementor-post__meta-data\">\n\t\t\t\t\t<span class=\"elementor-post-date\">\n\t\t\t17\/04\/2026\t\t<\/span>\n\t\t\t\t<\/div>\n\t\t\t\t<\/div>\n\t\t\t\t<\/article>\n\t\t\t\t<article class=\"elementor-post elementor-grid-item post-83496 post type-post status-publish format-standard hentry category-direitos-humanos category-mst category-portugues category-reforma-agraria category-violencia\">\n\t\t\t\t<div class=\"elementor-post__text\">\n\t\t\t\t<h5 class=\"elementor-post__title\">\n\t\t\t<a href=\"https:\/\/redept.com.br\/blogosfera\/30-anos-do-massacre-de-eldorado-dos-carajas-o-fotografo-do-bem-querer-diante-do-horror\/\" >\n\t\t\t\t30 anos do massacre de Eldorado dos Caraj\u00e1s: o fot\u00f3grafo do Bem-Querer diante do horror\t\t\t<\/a>\n\t\t<\/h5>\n\t\t\t\t<div class=\"elementor-post__meta-data\">\n\t\t\t\t\t<span class=\"elementor-post-date\">\n\t\t\t17\/04\/2026\t\t<\/span>\n\t\t\t\t<\/div>\n\t\t\t\t<\/div>\n\t\t\t\t<\/article>\n\t\t\t\t<article class=\"elementor-post elementor-grid-item post-83468 post type-post status-publish format-standard hentry category-158-navios-afundados category-bloqueio-naval-ira category-conflito-eua-ira category-diplomacia-internacional category-donald-trump-discurso category-economia category-economia-eua-2026 category-estados-unidos category-estreito-de-hormuz category-geopolitica category-geopolitica-oriente-medio category-guerra-naval-ira category-hormuz-bloqueio category-internacional category-ira category-noticias category-oriente-medio category-politica category-politica-nacional category-trump-ira category-trumpismo category-vitoria-trump-ira\">\n\t\t\t\t<div class=\"elementor-post__text\">\n\t\t\t\t<h5 class=\"elementor-post__title\">\n\t\t\t<a href=\"https:\/\/redept.com.br\/blogosfera\/trump-diz-que-e-o-melhor-presidente-dos-eua-em-guerras-video\/\" >\n\t\t\t\tTrump diz que \u00e9 o melhor presidente dos EUA em guerras (v\u00eddeo)\t\t\t<\/a>\n\t\t<\/h5>\n\t\t\t\t<div class=\"elementor-post__meta-data\">\n\t\t\t\t\t<span class=\"elementor-post-date\">\n\t\t\t16\/04\/2026\t\t<\/span>\n\t\t\t\t<\/div>\n\t\t\t\t<\/div>\n\t\t\t\t<\/article>\n\t\t\t\t<article class=\"elementor-post elementor-grid-item post-83467 post type-post status-publish format-standard hentry category-bolsonarismo category-casas-de-apostas category-crime-organizado category-criptoativos category-empresario-do-entretenimento category-escandalo-politico category-esquema-bilionario category-folha-de-s-paulo category-funk category-governador category-gr6-explode category-jantar-com-empresarios category-jogos-de-azar-ilegais category-latino category-lavagem-de-dinheiro category-mc-poze-do-rodo category-mc-ryan category-ministerio-publico-federal category-operacao-narco-fluxo category-palacio-dos-bandeirantes category-pcc category-policia-federal category-politica category-presidencia-2026 category-prisao-temporaria category-rodrigo-inacio-de-lima-oliveira category-sao-paulo category-tarcisio-de-freitas category-trafico-de-drogas\">\n\t\t\t\t<div class=\"elementor-post__text\">\n\t\t\t\t<h5 class=\"elementor-post__title\">\n\t\t\t<a href=\"https:\/\/redept.com.br\/blogosfera\/tarcisio-de-freitas-jantou-tirou-fotos-e-recebeu-apoio-de-preso-na-operacao-narco-fluxo\/\" >\n\t\t\t\tTarc\u00edsio de Freitas jantou, tirou fotos e recebeu apoio de preso na Opera\u00e7\u00e3o Narco Fluxo\t\t\t<\/a>\n\t\t<\/h5>\n\t\t\t\t<div class=\"elementor-post__meta-data\">\n\t\t\t\t\t<span class=\"elementor-post-date\">\n\t\t\t16\/04\/2026\t\t<\/span>\n\t\t\t\t<\/div>\n\t\t\t\t<\/div>\n\t\t\t\t<\/article>\n\t\t\t\t<article class=\"elementor-post elementor-grid-item post-83466 post type-post status-publish format-standard hentry category-andre-ricardo-de-souza category-autoridade-espiritual category-autoridade-moral category-autoridade-politica category-brasil-de-fato category-conexao-bdf category-critica-religiosa category-donald-trump category-figura-repugnante category-fotomontagem category-gastos-militares category-guerra-do-ira category-igreja-catolica category-imagem-de-cristo category-influencia-na-escolha-do-papa category-internacional category-intromissao-violenta category-isolamento-politico category-mortes category-nacionalidade category-nucleo-de-estudos-de-religiao-economia-e-politica category-papa-leao-14 category-papa-francisco category-paz category-politica-internacional category-popularidade category-prepotencia category-reconciliacao category-relacoes-eua-vaticano category-sociedade-civil category-tregua category-ufscar\">\n\t\t\t\t<div class=\"elementor-post__text\">\n\t\t\t\t<h5 class=\"elementor-post__title\">\n\t\t\t<a href=\"https:\/\/redept.com.br\/blogosfera\/ao-criticar-papa-leao-14-trump-expoe-sua-prepotencia-e-ignora-autoridade-politica-do-pontifice-diz-analista\/\" >\n\t\t\t\tAo criticar Papa Le\u00e3o 14, Trump exp\u00f5e sua prepot\u00eancia e ignora autoridade pol\u00edtica do pont\u00edfice, diz analista\t\t\t<\/a>\n\t\t<\/h5>\n\t\t\t\t<div class=\"elementor-post__meta-data\">\n\t\t\t\t\t<span class=\"elementor-post-date\">\n\t\t\t16\/04\/2026\t\t<\/span>\n\t\t\t\t<\/div>\n\t\t\t\t<\/div>\n\t\t\t\t<\/article>\n\t\t\t\t<article class=\"elementor-post elementor-grid-item post-83465 post type-post status-publish format-standard hentry category-caruaru category-eleicoes category-eleicoes-2026 category-joao-campos category-nordeste category-olinda category-pernambuco category-petrolina category-politica category-raquel-lyra category-recife\">\n\t\t\t\t<div class=\"elementor-post__text\">\n\t\t\t\t<h5 class=\"elementor-post__title\">\n\t\t\t<a href=\"https:\/\/redept.com.br\/blogosfera\/ambos-crescem-mas-vantagem-se-mantem-e-joao-campos-venceria-eleicao-em-pernambuco-no-1o-turno-diz-datafolha\/\" >\n\t\t\t\tAmbos crescem, mas vantagem se mant\u00e9m e Jo\u00e3o Campos venceria elei\u00e7\u00e3o em Pernambuco no 1\u00ba turno, diz Datafolha\t\t\t<\/a>\n\t\t<\/h5>\n\t\t\t\t<div class=\"elementor-post__meta-data\">\n\t\t\t\t\t<span class=\"elementor-post-date\">\n\t\t\t16\/04\/2026\t\t<\/span>\n\t\t\t\t<\/div>\n\t\t\t\t<\/div>\n\t\t\t\t<\/article>\n\t\t\t\t<article class=\"elementor-post elementor-grid-item post-83464 post type-post status-publish format-standard hentry category-analise-politica-pernambuco category-augusto-cury-candidato category-autoajuda-e-politica category-cabo-daciolo category-cientista-politico-fespsp category-cleitinho-republicanos category-colegio-eleitoral-minas category-conexao-bdf category-discurso-antissistema category-disputa-eleitoral-pernambuco category-eleicoes-governador-2024 category-eleicoes-pernambuco-2024 category-estrategia-eleitoral-lula category-flavio-bolsonaro-pesquisas category-geraldo-alckmin-psb category-governo-federal-e-estados category-jair-bolsonaro-2018 category-joao-campos-psb category-lula-e-eleicoes-estaduais category-minas-gerais-eleicoes category-nordeste-e-eleicoes category-outsiders-na-politica category-palanque-eleitoral-lula category-paulo-niccoli-ramirez category-pesquisa-eleitoral-pernambuco category-politica-da-boa-vizinhanca category-primeiro-turno-pernambuco category-radio-brasil-de-fato category-raquel-lyra-psd category-rodrigo-pacheco-psb category-situacao-atipica-pernambuco\">\n\t\t\t\t<div class=\"elementor-post__text\">\n\t\t\t\t<h5 class=\"elementor-post__title\">\n\t\t\t<a href=\"https:\/\/redept.com.br\/blogosfera\/situacao-de-pernambuco-e-atipica-e-o-ideal-para-lula-e-nao-criar-atrito-avalia-cientista-politico\/\" >\n\t\t\t\t\u2018Situa\u00e7\u00e3o de Pernambuco \u00e9 at\u00edpica e o ideal para Lula \u00e9 n\u00e3o criar atrito\u2019, avalia cientista pol\u00edtico\t\t\t<\/a>\n\t\t<\/h5>\n\t\t\t\t<div class=\"elementor-post__meta-data\">\n\t\t\t\t\t<span class=\"elementor-post-date\">\n\t\t\t16\/04\/2026\t\t<\/span>\n\t\t\t\t<\/div>\n\t\t\t\t<\/div>\n\t\t\t\t<\/article>\n\t\t\t\t<article class=\"elementor-post elementor-grid-item post-83463 post type-post status-publish format-standard hentry category-alta-ibc-br category-atividade-economica category-banco-central category-bc-divulga-ibc-br category-brasil category-crescimento-economico category-crescimento-industria category-economia category-economia-brasil-2026 category-economia-brasileira category-expansao-economica-brasil category-fevereiro-2026 category-governo-lula category-ibc-br category-ibc-br-fevereiro category-indicadores-economicos category-industria-brasileira category-lula-economia category-noticias category-pib category-pib-brasil-2026 category-politica category-politica-nacional category-previa-do-pib category-recorde-ibc-br category-resiliencia-economica\">\n\t\t\t\t<div class=\"elementor-post__text\">\n\t\t\t\t<h5 class=\"elementor-post__title\">\n\t\t\t<a href=\"https:\/\/redept.com.br\/blogosfera\/ibc-br-bate-recorde-economia-brasileira-cresce-06-em-fevereiro-e-supera-expectativas-ponto-para-lula\/\" >\n\t\t\t\tIBC-Br bate recorde: economia brasileira cresce 0,6% em fevereiro e supera expectativas; ponto para Lula\t\t\t<\/a>\n\t\t<\/h5>\n\t\t\t\t<div class=\"elementor-post__meta-data\">\n\t\t\t\t\t<span class=\"elementor-post-date\">\n\t\t\t16\/04\/2026\t\t<\/span>\n\t\t\t\t<\/div>\n\t\t\t\t<\/div>\n\t\t\t\t<\/article>\n\t\t\t\t<article class=\"elementor-post elementor-grid-item post-83460 post type-post status-publish format-standard hentry category-caixa category-destaque-pequeno category-geral category-loterias category-mega-sena\">\n\t\t\t\t<div class=\"elementor-post__text\">\n\t\t\t\t<h5 class=\"elementor-post__title\">\n\t\t\t<a href=\"https:\/\/redept.com.br\/blogosfera\/resultado-mega-sena-2997-no-sorteio-de-16-de-abril\/\" >\n\t\t\t\tResultado Mega Sena 2997 no sorteio de 16 de abril\t\t\t<\/a>\n\t\t<\/h5>\n\t\t\t\t<div class=\"elementor-post__meta-data\">\n\t\t\t\t\t<span class=\"elementor-post-date\">\n\t\t\t16\/04\/2026\t\t<\/span>\n\t\t\t\t<\/div>\n\t\t\t\t<\/div>\n\t\t\t\t<\/article>\n\t\t\t\t<article class=\"elementor-post elementor-grid-item post-83459 post type-post status-publish format-standard hentry category-acordo-nuclear category-al-jazeera category-armas-nucleares category-benjamin-netanyahu category-casa-branca category-cessar-fogo category-contraproposta category-crise-diplomatica category-declaracao category-desmentido category-diplomacia category-donald-trump category-estados-unidos category-fonte-governamental category-hezbollah category-internacional category-ira category-islamabad category-israel category-libano category-negociacoes category-noticia-internacional category-oriente-medio category-paquistao category-politica-externa category-programa-nuclear category-relacoes-internacionais category-teera category-tensao-geopolitica category-uranio-enriquecido category-washington\">\n\t\t\t\t<div class=\"elementor-post__text\">\n\t\t\t\t<h5 class=\"elementor-post__title\">\n\t\t\t<a href=\"https:\/\/redept.com.br\/blogosfera\/ira-desmente-declaracao-de-trump-sobre-ter-aceitado-entregar-uranio-afirma-al-jazeera\/\" >\n\t\t\t\tIr\u00e3 desmente declara\u00e7\u00e3o de Trump sobre ter aceitado entregar ur\u00e2nio, afirma Al Jazeera\t\t\t<\/a>\n\t\t<\/h5>\n\t\t\t\t<div class=\"elementor-post__meta-data\">\n\t\t\t\t\t<span class=\"elementor-post-date\">\n\t\t\t16\/04\/2026\t\t<\/span>\n\t\t\t\t<\/div>\n\t\t\t\t<\/div>\n\t\t\t\t<\/article>\n\t\t\t\t<article class=\"elementor-post elementor-grid-item post-83458 post type-post status-publish format-standard hentry category-politica\">\n\t\t\t\t<div class=\"elementor-post__text\">\n\t\t\t\t<h5 class=\"elementor-post__title\">\n\t\t\t<a href=\"https:\/\/redept.com.br\/blogosfera\/eldorado-e-semente-de-resistencia-sessao-na-camara-relembra-martires-da-luta-pela-reforma-agraria-no-pais\/\" >\n\t\t\t\t\u2018Eldorado \u00e9 semente de resist\u00eancia\u2019: sess\u00e3o na C\u00e2mara relembra m\u00e1rtires da luta pela reforma agr\u00e1ria no pa\u00eds\t\t\t<\/a>\n\t\t<\/h5>\n\t\t\t\t<div class=\"elementor-post__meta-data\">\n\t\t\t\t\t<span class=\"elementor-post-date\">\n\t\t\t16\/04\/2026\t\t<\/span>\n\t\t\t\t<\/div>\n\t\t\t\t<\/div>\n\t\t\t\t<\/article>\n\t\t\t\t<article class=\"elementor-post elementor-grid-item post-83454 post type-post status-publish format-standard has-post-thumbnail hentry category-brasil category-congresso-da-ubes category-escola category-instagram category-juventude category-luta-estudantil category-movimento-estudantil category-soberania category-ubes\">\n\t\t\t\t<a class=\"elementor-post__thumbnail__link\" href=\"https:\/\/redept.com.br\/blogosfera\/abertura-do-49-conubes-defende-soberania-e-luta-organizada\/\" tabindex=\"-1\" >\n\t\t\t<div class=\"elementor-post__thumbnail\"><img fetchpriority=\"high\" decoding=\"async\" width=\"768\" height=\"583\" src=\"https:\/\/redept.com.br\/blogosfera\/wp-content\/uploads\/2026\/04\/IMG_0704-1-768x583.jpg\" class=\"attachment-medium_large size-medium_large wp-image-83455\" alt=\"Samara Martins, a \u00fanica pr\u00e9 candidata a presid\u00eancia da rep\u00fablica na abertura do 49\u00b0 Congresso da UBES (Foto: Jornal A Verdade)\" srcset=\"https:\/\/redept.com.br\/blogosfera\/wp-content\/uploads\/2026\/04\/IMG_0704-1-768x583.jpg 768w, https:\/\/redept.com.br\/blogosfera\/wp-content\/uploads\/2026\/04\/IMG_0704-1-300x228.jpg 300w, https:\/\/redept.com.br\/blogosfera\/wp-content\/uploads\/2026\/04\/IMG_0704-1-1024x777.jpg 1024w, https:\/\/redept.com.br\/blogosfera\/wp-content\/uploads\/2026\/04\/IMG_0704-1-1536x1166.jpg 1536w, https:\/\/redept.com.br\/blogosfera\/wp-content\/uploads\/2026\/04\/IMG_0704-1.jpg 1920w\" sizes=\"(max-width: 768px) 100vw, 768px\" \/><\/div>\n\t\t<\/a>\n\t\t\t\t<div class=\"elementor-post__text\">\n\t\t\t\t<h5 class=\"elementor-post__title\">\n\t\t\t<a href=\"https:\/\/redept.com.br\/blogosfera\/abertura-do-49-conubes-defende-soberania-e-luta-organizada\/\" >\n\t\t\t\tAbertura do 49\u00b0 CONUBES defende soberania e luta organizada\t\t\t<\/a>\n\t\t<\/h5>\n\t\t\t\t<div class=\"elementor-post__meta-data\">\n\t\t\t\t\t<span class=\"elementor-post-date\">\n\t\t\t16\/04\/2026\t\t<\/span>\n\t\t\t\t<\/div>\n\t\t\t\t<\/div>\n\t\t\t\t<\/article>\n\t\t\t\t<\/div>\n\t\t\n\t\t\t\t<div class=\"e-load-more-anchor\" data-page=\"1\" data-max-page=\"3527\" data-next-page=\"https:\/\/redept.com.br\/blogosfera\/?e-page-d1576ef=2\"><\/div>\n\t\t\t\t<nav class=\"elementor-pagination\" aria-label=\"Pagination\">\n\t\t\t<span class=\"page-numbers prev\">Primeira<\/span>\n<span aria-current=\"page\" class=\"page-numbers current\"><span class=\"elementor-screen-only\">Page<\/span>1<\/span>\n<a class=\"page-numbers\" href=\"https:\/\/redept.com.br\/blogosfera\/wp-json\/wp\/v2\/pages\/1051\/?e-page-d1576ef=2\"><span class=\"elementor-screen-only\">Page<\/span>2<\/a>\n<a class=\"page-numbers\" href=\"https:\/\/redept.com.br\/blogosfera\/wp-json\/wp\/v2\/pages\/1051\/?e-page-d1576ef=3\"><span class=\"elementor-screen-only\">Page<\/span>3<\/a>\n<span class=\"page-numbers dots\">&hellip;<\/span>\n<a class=\"page-numbers\" href=\"https:\/\/redept.com.br\/blogosfera\/wp-json\/wp\/v2\/pages\/1051\/?e-page-d1576ef=5\"><span class=\"elementor-screen-only\">Page<\/span>5<\/a>\n<a class=\"page-numbers next\" href=\"https:\/\/redept.com.br\/blogosfera\/?e-page-d1576ef=2\">\u00daltima<\/a>\t\t<\/nav>\n\t\t\t\t\t\t<\/div>\n\t\t\t\t<\/div>\n\t\t\t\t\t<\/div>\n\t\t\t\t<\/div>\n\t\t\t\t\t<\/div>\n\t\t\t\t<\/div>\n\t\t\t\t\t<\/div>\n\t\t\t\t<\/div>\n\t\t\t\t<\/div>\n\t\t<!-- Begin Yuzo --><div class='yuzo_related_post style-1'  data-version='5.12.89'><!-- without result --><div class='yuzo_clearfixed yuzo__title yuzo__title'><h3>Related Post<\/h3><\/div>\n\t\t\t\t\t\t  <div class=\"relatedthumb \" style=\"width:125px;float:left;overflow:hidden;\">  \n\t\t\t\t\t\t\t  \n\t\t\t\t\t\t\t  <a  href=\"https:\/\/redept.com.br\/blogosfera\/a-voz-e-a-vez-delas-encerra-mostra-com-show-na-casa-de-cultura-mario-quintana\/\"  >\n\t\t\t\t\t\t\t\t\t  <div class=\"yuzo-img-wrap \" style=\"width: 125px;height:90px;\">\n\t\t\t\t\t\t\t\t\t\t\n\t\t\t\t\t\t\t\t\t\t<div class=\"yuzo-img\" style=\"background:url('https:\/\/redept.org\/blogosfera\/wp-content\/plugins\/yuzo-related-post\/assets\/images\/default.png') 50% 50% no-repeat;width: 125px;height:90px;margin-bottom: 5px;background-size: cover; \"><\/div>\n\t\t\t\t\t\t\t\t\t  <\/div>\n\t\t\t\t\t\t\t\t\t  \n\t\t\t\t\t\t\t\t   <span class=\"yuzo__text--title\" style=\"font-size:13px;\">A Voz e a Vez Delas encerra mostra com show na Cas...<\/span>\n\t\t\t\t\t\t\t  \n\t\t\t\t\t\t\t  \n\t\t\t\t\t\t\t  <\/a>\n\n\t\t\t\t\t\t  <\/div>\n\t\t\t\t\t\t  <div class=\"relatedthumb \" style=\"width:125px;float:left;overflow:hidden;\">  \n\t\t\t\t\t\t\t  \n\t\t\t\t\t\t\t  <a  href=\"https:\/\/redept.com.br\/blogosfera\/aumento-do-iof-em-2021-nao-teve-reacao-da-direita-e-do-mercado-financeiro\/\"  >\n\t\t\t\t\t\t\t\t\t  <div class=\"yuzo-img-wrap \" style=\"width: 125px;height:90px;\">\n\t\t\t\t\t\t\t\t\t\t\n\t\t\t\t\t\t\t\t\t\t<div class=\"yuzo-img\" style=\"background:url('https:\/\/redept.org\/blogosfera\/wp-content\/plugins\/yuzo-related-post\/assets\/images\/default.png') 50% 50% no-repeat;width: 125px;height:90px;margin-bottom: 5px;background-size: cover; \"><\/div>\n\t\t\t\t\t\t\t\t\t  <\/div>\n\t\t\t\t\t\t\t\t\t  \n\t\t\t\t\t\t\t\t   <span class=\"yuzo__text--title\" style=\"font-size:13px;\">Aumento do IOF em 2021 n\u00e3o teve rea\u00e7\u00e3o da direita ...<\/span>\n\t\t\t\t\t\t\t  \n\t\t\t\t\t\t\t  \n\t\t\t\t\t\t\t  <\/a>\n\n\t\t\t\t\t\t  <\/div>\n\t\t\t\t\t\t  <div class=\"relatedthumb \" style=\"width:125px;float:left;overflow:hidden;\">  \n\t\t\t\t\t\t\t  \n\t\t\t\t\t\t\t  <a  href=\"https:\/\/redept.com.br\/blogosfera\/tradicao-de-soltar-fogos-de-artificio-prejudica-autistas-idosos-e-pets-e-precisa-ser-revista\/\"  >\n\t\t\t\t\t\t\t\t\t  <div class=\"yuzo-img-wrap \" style=\"width: 125px;height:90px;\">\n\t\t\t\t\t\t\t\t\t\t\n\t\t\t\t\t\t\t\t\t\t<div class=\"yuzo-img\" style=\"background:url('https:\/\/redept.org\/blogosfera\/wp-content\/plugins\/yuzo-related-post\/assets\/images\/default.png') 50% 50% no-repeat;width: 125px;height:90px;margin-bottom: 5px;background-size: cover; \"><\/div>\n\t\t\t\t\t\t\t\t\t  <\/div>\n\t\t\t\t\t\t\t\t\t  \n\t\t\t\t\t\t\t\t   <span class=\"yuzo__text--title\" style=\"font-size:13px;\">Tradi\u00e7\u00e3o de soltar fogos de art\u00edficio prejudica au...<\/span>\n\t\t\t\t\t\t\t  \n\t\t\t\t\t\t\t  \n\t\t\t\t\t\t\t  <\/a>\n\n\t\t\t\t\t\t  <\/div>\n\t\t\t\t\t\t  <div class=\"relatedthumb \" style=\"width:125px;float:left;overflow:hidden;\">  \n\t\t\t\t\t\t\t  \n\t\t\t\t\t\t\t  <a  href=\"https:\/\/redept.com.br\/blogosfera\/projeto-na-camara-propoe-proibir-o-desmatamento-de-mata-atlantica-na-capital\/\"  >\n\t\t\t\t\t\t\t\t\t  <div class=\"yuzo-img-wrap \" style=\"width: 125px;height:90px;\">\n\t\t\t\t\t\t\t\t\t\t\n\t\t\t\t\t\t\t\t\t\t<div class=\"yuzo-img\" style=\"background:url('https:\/\/redept.com.br\/blogosfera\/wp-content\/uploads\/2025\/06\/materia_restinga-150x150.png') 50% 50% no-repeat;width: 125px;height:90px;margin-bottom: 5px;background-size: cover; \"><\/div>\n\t\t\t\t\t\t\t\t\t  <\/div>\n\t\t\t\t\t\t\t\t\t  \n\t\t\t\t\t\t\t\t   <span class=\"yuzo__text--title\" style=\"font-size:13px;\">Projeto na C\u00e2mara prop\u00f5e proibir o desmatamento de...<\/span>\n\t\t\t\t\t\t\t  \n\t\t\t\t\t\t\t  \n\t\t\t\t\t\t\t  <\/a>\n\n\t\t\t\t\t\t  <\/div>\n<\/div> <script>\n\t\t\t\t\t\t  jQuery(document).ready(function( $ ){\n\t\t\t\t\t\t\t\/\/jQuery('.yuzo_related_post').equalizer({ overflow : 'relatedthumb' });\n\t\t\t\t\t\t\tjQuery('.yuzo_related_post .yuzo_wraps').equalizer({ columns : '> div' });\n\t\t\t\t\t\t   })\n\t\t\t\t\t\t  <\/script> <!-- End Yuzo :) -->","protected":false},"excerpt":{"rendered":"<p>Not\u00edcias na blogosfera Related Post Suspensas decis\u00f5es e anuladas as elei\u00e7\u00f5es do Conse&#8230; \u2018Clima favor\u00e1vel\u2019: Messias tem sabatina marcada pa&#8230; Teatro de bonecos adapta cl\u00e1ssico de Erico Verissi&#8230; Lula e<\/p>\n","protected":false},"author":1,"featured_media":0,"parent":0,"menu_order":0,"comment_status":"closed","ping_status":"closed","template":"elementor_header_footer","meta":{"footnotes":""},"class_list":["post-1051","page","type-page","status-publish","hentry"],"_links":{"self":[{"href":"https:\/\/redept.com.br\/blogosfera\/wp-json\/wp\/v2\/pages\/1051","targetHints":{"allow":["GET"]}}],"collection":[{"href":"https:\/\/redept.com.br\/blogosfera\/wp-json\/wp\/v2\/pages"}],"about":[{"href":"https:\/\/redept.com.br\/blogosfera\/wp-json\/wp\/v2\/types\/page"}],"author":[{"embeddable":true,"href":"https:\/\/redept.com.br\/blogosfera\/wp-json\/wp\/v2\/users\/1"}],"replies":[{"embeddable":true,"href":"https:\/\/redept.com.br\/blogosfera\/wp-json\/wp\/v2\/comments?post=1051"}],"version-history":[{"count":48,"href":"https:\/\/redept.com.br\/blogosfera\/wp-json\/wp\/v2\/pages\/1051\/revisions"}],"predecessor-version":[{"id":74158,"href":"https:\/\/redept.com.br\/blogosfera\/wp-json\/wp\/v2\/pages\/1051\/revisions\/74158"}],"wp:attachment":[{"href":"https:\/\/redept.com.br\/blogosfera\/wp-json\/wp\/v2\/media?parent=1051"}],"curies":[{"name":"wp","href":"https:\/\/api.w.org\/{rel}","templated":true}]}}